{"id":62,"date":"2019-09-28T11:31:15","date_gmt":"2019-09-28T11:31:15","guid":{"rendered":"http:\/\/der-recycler.de\/?page_id=62"},"modified":"2021-05-07T11:31:51","modified_gmt":"2021-05-07T11:31:51","slug":"weitere-dienstleistungen","status":"publish","type":"page","link":"https:\/\/der-recycler.de\/?page_id=62","title":{"rendered":"Weitere Dienstleistungen"},"content":{"rendered":"\n<p>\u2022 Containerdienst<br>\u2022 Wohnungsaufl\u00f6sungen<br>\u2022 Haushaltsaufl\u00f6sungen<br>\u2022 Entfernungen von Tapeten und Teppiche<br>\u2022 Maler- und Tapezierarbeiten<br>\u2022 Entkernung inkl. Abtransport und Entsorgung<br>\u2022 Gartenarbeiten<br>\u2022 Planung und (Neu-) Gestaltung,<br>\u2022 Verlegung von Pflastersteinen<br>\u2022 Anlegen von Steing\u00e4rten<br>\u2022 Rasenm\u00e4hen und Heckenschneiden<br>\u2022 F\u00e4llen von B\u00e4umen bis zu einer H\u00f6he von ca. vier Metern<br>\u2022 Abfuhr und Entsorgung von Gr\u00fcnschnitt<\/p>\n\n\n\n<p><\/p>\n\n\n\n<p><\/p>\n","protected":false},"excerpt":{"rendered":"<div class=\"slide-text-bg2\t\"><span>\u2022 Containerdienst\u2022 Wohnungsaufl\u00f6sungen\u2022 Haushaltsaufl\u00f6sungen\u2022 Entfernungen von Tapeten und Teppiche\u2022 Maler- und Tapezierarbeiten\u2022 Entkernung inkl. Abtransport und Entsorgung\u2022 Gartenarbeiten\u2022 Planung und (Neu-) Gestaltung,\u2022 Verlegung von Pflastersteinen\u2022<\/span><\/div>\n<div class=\"slide-btn-area-sm\"><a href=\"https:\/\/der-recycler.de\/?page_id=62\" class=\"slide-btn-sm\">Read More<\/a><\/div>\n","protected":false},"author":1,"featured_media":0,"parent":0,"menu_order":0,"comment_status":"closed","ping_status":"closed","template":"about.php","meta":{"footnotes":""},"_links":{"self":[{"href":"https:\/\/der-recycler.de\/index.php?rest_route=\/wp\/v2\/pages\/62"}],"collection":[{"href":"https:\/\/der-recycler.de\/index.php?rest_route=\/wp\/v2\/pages"}],"about":[{"href":"https:\/\/der-recycler.de\/index.php?rest_route=\/wp\/v2\/types\/page"}],"author":[{"embeddable":true,"href":"https:\/\/der-recycler.de\/index.php?rest_route=\/wp\/v2\/users\/1"}],"replies":[{"embeddable":true,"href":"https:\/\/der-recycler.de\/index.php?rest_route=%2Fwp%2Fv2%2Fcomments&post=62"}],"version-history":[{"count":6,"href":"https:\/\/der-recycler.de\/index.php?rest_route=\/wp\/v2\/pages\/62\/revisions"}],"predecessor-version":[{"id":138,"href":"https:\/\/der-recycler.de\/index.php?rest_route=\/wp\/v2\/pages\/62\/revisions\/138"}],"wp:attachment":[{"href":"https:\/\/der-recycler.de\/index.php?rest_route=%2Fwp%2Fv2%2Fmedia&parent=62"}],"curies":[{"name":"wp","href":"https:\/\/api.w.org\/{rel}","templated":true}]}}