{"id":49,"date":"2019-09-27T19:42:15","date_gmt":"2019-09-27T19:42:15","guid":{"rendered":"http:\/\/der-recycler.de\/?page_id=49"},"modified":"2019-10-04T08:28:06","modified_gmt":"2019-10-04T08:28:06","slug":"weitere-dienste","status":"publish","type":"page","link":"https:\/\/der-recycler.de\/?page_id=49","title":{"rendered":"Unsere Dienstleistungen"},"content":{"rendered":"\n<p>Der Recycler- Entr\u00fcmpelungen und Haushaltsaufl\u00f6sungen<\/p>\n\n\n\n<p> Umweltbewusstes R\u00e4umen mit uns.<\/p>\n\n\n\n<p>Unser Unternehmen hat sich darauf spezialisiert umweltbewusst und fachgerecht zu r\u00e4umen und zu entsorgen (mit eventueller Wertanrechnung). R\u00e4umungen von H\u00e4user, Wohnungen, Keller, Scheunen, Dachb\u00f6den, Garagen, G\u00e4rten, Firmen, Lagerhallen, Gesch\u00e4ften und Messi-Haushalten.<\/p>\n\n\n\n<p>Brauchbare und gut erhaltene Haushaltsgegenst\u00e4nde werden von uns-in Zusammenarbeit mit verschiedenen sozialen Einrichtungen-an einkommensschwache Familien und Einzelpersonen kostenlos weitergegeben. Die verschiedenen Rohstoffe trennen wir schon vor Ort. So werden diese zur\u00fcck gewonnen und unsere Umwelt geschont. Es bleibt nur wenig Restm\u00fcll \u00fcbrig. Dieser wird an einen zertifizierten Entsorgungs betrieb geliefert.<\/p>\n\n\n\n<p> <\/p>\n","protected":false},"excerpt":{"rendered":"<div class=\"slide-text-bg2\t\"><span>Der Recycler- Entr\u00fcmpelungen und Haushaltsaufl\u00f6sungen Umweltbewusstes R\u00e4umen mit uns. Unser Unternehmen hat sich darauf spezialisiert umweltbewusst und fachgerecht zu r\u00e4umen und zu entsorgen (mit eventueller<\/span><\/div>\n<div class=\"slide-btn-area-sm\"><a href=\"https:\/\/der-recycler.de\/?page_id=49\" class=\"slide-btn-sm\">Read More<\/a><\/div>\n","protected":false},"author":1,"featured_media":0,"parent":0,"menu_order":2,"comment_status":"closed","ping_status":"closed","template":"about.php","meta":{"footnotes":""},"_links":{"self":[{"href":"https:\/\/der-recycler.de\/index.php?rest_route=\/wp\/v2\/pages\/49"}],"collection":[{"href":"https:\/\/der-recycler.de\/index.php?rest_route=\/wp\/v2\/pages"}],"about":[{"href":"https:\/\/der-recycler.de\/index.php?rest_route=\/wp\/v2\/types\/page"}],"author":[{"embeddable":true,"href":"https:\/\/der-recycler.de\/index.php?rest_route=\/wp\/v2\/users\/1"}],"replies":[{"embeddable":true,"href":"https:\/\/der-recycler.de\/index.php?rest_route=%2Fwp%2Fv2%2Fcomments&post=49"}],"version-history":[{"count":6,"href":"https:\/\/der-recycler.de\/index.php?rest_route=\/wp\/v2\/pages\/49\/revisions"}],"predecessor-version":[{"id":92,"href":"https:\/\/der-recycler.de\/index.php?rest_route=\/wp\/v2\/pages\/49\/revisions\/92"}],"wp:attachment":[{"href":"https:\/\/der-recycler.de\/index.php?rest_route=%2Fwp%2Fv2%2Fmedia&parent=49"}],"curies":[{"name":"wp","href":"https:\/\/api.w.org\/{rel}","templated":true}]}}