{"id":20,"date":"2019-09-27T18:50:29","date_gmt":"2019-09-27T18:50:29","guid":{"rendered":"http:\/\/der-recycler.de\/?page_id=20"},"modified":"2020-02-19T11:22:50","modified_gmt":"2020-02-19T11:22:50","slug":"impressum","status":"publish","type":"page","link":"https:\/\/der-recycler.de\/?page_id=20","title":{"rendered":"Impressum"},"content":{"rendered":"\n<p> Der Recycler<br> Alexander Gerhartz<br> Emserstra\u00dfe 294<br> 56075 Koblenz<br> Mobil 0176 \/ 77216252<br> Mail info@der-recycler.de<\/p>\n\n\n\n<p><br><\/p>\n\n\n\n<p>1. Haftungsbeschr\u00e4nkung<\/p>\n\n\n\n<p>Die Inhalte dieser Website werden mit gr\u00f6\u00dftm\u00f6glicher Sorgfalt \nerstellt. Der Anbieter \u00fcbernimmt jedoch keine Gew\u00e4hr f\u00fcr die \nRichtigkeit, Vollst\u00e4ndigkeit und Aktualit\u00e4t der bereitgestellten \nInhalte. Die Nutzung der Inhalte der Website erfolgt auf eigene Gefahr \ndes Nutzers. Namentlich gekennzeichnete Beitr\u00e4ge geben die Meinung des \njeweiligen Autors und nicht immer die Meinung des Anbieters wieder. Mit \nder reinen Nutzung der Website des Anbieters kommt keinerlei \nVertragsverh\u00e4ltnis zwischen dem Nutzer und dem Anbieter zustande.<\/p>\n\n\n\n<p>2. Externe Links<\/p>\n\n\n\n<p>Diese Website enth\u00e4lt Verkn\u00fcpfungen zu Websites Dritter (\u201eexterne \nLinks\u201c). Diese Websites unterliegen der Haftung der jeweiligen \nBetreiber. Der Anbieter hat bei der erstmaligen Verkn\u00fcpfung der externen\n Links die fremden Inhalte daraufhin \u00fcberpr\u00fcft, ob etwaige \nRechtsverst\u00f6\u00dfe bestehen. Zu dem Zeitpunkt waren keine Rechtsverst\u00f6\u00dfe \nersichtlich. Der Anbieter hat keinerlei Einfluss auf die aktuelle und \nzuk\u00fcnftige Gestaltung und auf die Inhalte der verkn\u00fcpften Seiten. Das \nSetzen von externen Links bedeutet nicht, dass sich der Anbieter die \nhinter dem Verweis oder Link liegenden Inhalte zu Eigen macht. Eine \nst\u00e4ndige Kontrolle der externen Links ist f\u00fcr den Anbieter ohne konkrete\n Hinweise auf Rechtsverst\u00f6\u00dfe nicht zumutbar. Bei Kenntnis von \nRechtsverst\u00f6\u00dfen werden jedoch derartige externe Links unverz\u00fcglich \ngel\u00f6scht.<\/p>\n\n\n\n<p>3. Urheber- und Leistungsschutzrechte<\/p>\n\n\n\n<p>Die auf dieser Website ver\u00f6ffentlichten Inhalte unterliegen dem \ndeutschen Urheber- und Leistungsschutzrecht. Jede vom deutschen Urheber-\n und Leistungsschutzrecht nicht zugelassene Verwertung bedarf der \nvorherigen schriftlichen Zustimmung des Anbieters oder jeweiligen \nRechteinhabers. Dies gilt insbesondere f\u00fcr Vervielf\u00e4ltigung, \nBearbeitung, \u00dcbersetzung, Einspeicherung, Verarbeitung bzw. Wiedergabe \nvon Inhalten in Datenbanken oder anderen elektronischen Medien und \nSystemen. Inhalte und Rechte Dritter sind dabei als solche \ngekennzeichnet. Die unerlaubte Vervielf\u00e4ltigung oder Weitergabe \neinzelner Inhalte oder kompletter Seiten ist nicht gestattet und \nstrafbar. Lediglich die Herstellung von Kopien und Downloads f\u00fcr den \npers\u00f6nlichen, privaten und nicht kommerziellen Gebrauch ist erlaubt.<\/p>\n\n\n\n<p>Die Darstellung dieser Website in fremden Frames ist nur mit schriftlicher Erlaubnis zul\u00e4ssig.<\/p>\n\n\n\n<p>4. Datenschutzerkl\u00e4rung[1]<\/p>\n\n\n\n<p>Datenschutz<br>\nNachfolgend m\u00f6chten wir Sie \u00fcber unsere Datenschutzerkl\u00e4rung \ninformieren. Sie finden hier Informationen \u00fcber die Erhebung und \nVerwendung pers\u00f6nlicher Daten bei der Nutzung unserer Webseite. Wir \nbeachten dabei das f\u00fcr Deutschland geltende Datenschutzrecht. Sie k\u00f6nnen\n diese Erkl\u00e4rung jederzeit auf unserer Webseite abrufen.<\/p>\n\n\n\n<p>Wir weisen ausdr\u00fccklich darauf hin, dass die Daten\u00fcbertragung im \nInternet (z.B. bei der Kommunikation per E-Mail) Sicherheitsl\u00fccken \naufweisen und nicht l\u00fcckenlos vor dem Zugriff durch Dritte gesch\u00fctzt \nwerden kann.<\/p>\n\n\n\n<p>Die Verwendung der Kontaktdaten unseres Impressums zur gewerblichen \nWerbung ist ausdr\u00fccklich nicht erw\u00fcnscht, es sei denn wir hatten zuvor \nunsere schriftliche Einwilligung erteilt oder es besteht bereits eine \nGesch\u00e4ftsbeziehung. Der Anbieter und alle auf dieser Website genannten \nPersonen widersprechen hiermit jeder kommerziellen Verwendung und \nWeitergabe ihrer Daten.<\/p>\n","protected":false},"excerpt":{"rendered":"<div class=\"slide-text-bg2\t\"><span>Der Recycler Alexander Gerhartz Emserstra\u00dfe 294 56075 Koblenz Mobil 0176 \/ 77216252 Mail info@der-recycler.de 1. Haftungsbeschr\u00e4nkung Die Inhalte dieser Website werden mit gr\u00f6\u00dftm\u00f6glicher Sorgfalt erstellt.<\/span><\/div>\n<div class=\"slide-btn-area-sm\"><a href=\"https:\/\/der-recycler.de\/?page_id=20\" class=\"slide-btn-sm\">Read More<\/a><\/div>\n","protected":false},"author":1,"featured_media":0,"parent":0,"menu_order":5,"comment_status":"closed","ping_status":"closed","template":"about.php","meta":{"footnotes":""},"_links":{"self":[{"href":"https:\/\/der-recycler.de\/index.php?rest_route=\/wp\/v2\/pages\/20"}],"collection":[{"href":"https:\/\/der-recycler.de\/index.php?rest_route=\/wp\/v2\/pages"}],"about":[{"href":"https:\/\/der-recycler.de\/index.php?rest_route=\/wp\/v2\/types\/page"}],"author":[{"embeddable":true,"href":"https:\/\/der-recycler.de\/index.php?rest_route=\/wp\/v2\/users\/1"}],"replies":[{"embeddable":true,"href":"https:\/\/der-recycler.de\/index.php?rest_route=%2Fwp%2Fv2%2Fcomments&post=20"}],"version-history":[{"count":4,"href":"https:\/\/der-recycler.de\/index.php?rest_route=\/wp\/v2\/pages\/20\/revisions"}],"predecessor-version":[{"id":122,"href":"https:\/\/der-recycler.de\/index.php?rest_route=\/wp\/v2\/pages\/20\/revisions\/122"}],"wp:attachment":[{"href":"https:\/\/der-recycler.de\/index.php?rest_route=%2Fwp%2Fv2%2Fmedia&parent=20"}],"curies":[{"name":"wp","href":"https:\/\/api.w.org\/{rel}","templated":true}]}}