{"id":128,"date":"2020-07-15T18:23:56","date_gmt":"2020-07-15T18:23:56","guid":{"rendered":"http:\/\/der-recycler.de\/?page_id=128"},"modified":"2020-07-15T18:23:56","modified_gmt":"2020-07-15T18:23:56","slug":"containerdienst","status":"publish","type":"page","link":"https:\/\/der-recycler.de\/?page_id=128","title":{"rendered":"Containerdienst"},"content":{"rendered":"\n<p>Schnell, zuverl\u00e4ssig, bundesweit: F\u00fcr gr\u00f6\u00dfere Abf\u00e4lle<br>(z.B. Bauschutt, Baumischabfall, Mischm\u00fcll, Erdaushub<br>oder Gr\u00fcnabfall) stellen wir Ihnen unter Ber\u00fcck-<br>sichtigung Ihrer Platz- und Verkehrsverh\u00e4ltnisse den<br>idealen Container f\u00fcr die optimale Wertstofftrennung<br>zur Verf\u00fcgung.<\/p>\n","protected":false},"excerpt":{"rendered":"<div class=\"slide-text-bg2\t\"><span>Schnell, zuverl\u00e4ssig, bundesweit: F\u00fcr gr\u00f6\u00dfere Abf\u00e4lle(z.B. Bauschutt, Baumischabfall, Mischm\u00fcll, Erdaushuboder Gr\u00fcnabfall) stellen wir Ihnen unter Ber\u00fcck-sichtigung Ihrer Platz- und Verkehrsverh\u00e4ltnisse denidealen Container f\u00fcr die optimale<\/span><\/div>\n<div class=\"slide-btn-area-sm\"><a href=\"https:\/\/der-recycler.de\/?page_id=128\" class=\"slide-btn-sm\">Read More<\/a><\/div>\n","protected":false},"author":1,"featured_media":0,"parent":0,"menu_order":0,"comment_status":"closed","ping_status":"closed","template":"about.php","meta":{"footnotes":""},"_links":{"self":[{"href":"https:\/\/der-recycler.de\/index.php?rest_route=\/wp\/v2\/pages\/128"}],"collection":[{"href":"https:\/\/der-recycler.de\/index.php?rest_route=\/wp\/v2\/pages"}],"about":[{"href":"https:\/\/der-recycler.de\/index.php?rest_route=\/wp\/v2\/types\/page"}],"author":[{"embeddable":true,"href":"https:\/\/der-recycler.de\/index.php?rest_route=\/wp\/v2\/users\/1"}],"replies":[{"embeddable":true,"href":"https:\/\/der-recycler.de\/index.php?rest_route=%2Fwp%2Fv2%2Fcomments&post=128"}],"version-history":[{"count":1,"href":"https:\/\/der-recycler.de\/index.php?rest_route=\/wp\/v2\/pages\/128\/revisions"}],"predecessor-version":[{"id":129,"href":"https:\/\/der-recycler.de\/index.php?rest_route=\/wp\/v2\/pages\/128\/revisions\/129"}],"wp:attachment":[{"href":"https:\/\/der-recycler.de\/index.php?rest_route=%2Fwp%2Fv2%2Fmedia&parent=128"}],"curies":[{"name":"wp","href":"https:\/\/api.w.org\/{rel}","templated":true}]}}