{"id":124,"date":"2020-03-02T10:37:57","date_gmt":"2020-03-02T10:37:57","guid":{"rendered":"http:\/\/der-recycler.de\/?page_id=124"},"modified":"2020-03-02T10:37:57","modified_gmt":"2020-03-02T10:37:57","slug":"datenschutzerklaerung","status":"publish","type":"page","link":"https:\/\/der-recycler.de\/?page_id=124","title":{"rendered":"Datenschutzerkl\u00e4rung"},"content":{"rendered":"\n<p>Datenschutz<br>\nNachfolgend m\u00f6chten wir Sie \u00fcber unsere Datenschutzerkl\u00e4rung \ninformieren. Sie finden hier Informationen \u00fcber die Erhebung und \nVerwendung pers\u00f6nlicher Daten bei der Nutzung unserer Webseite. Wir \nbeachten dabei das f\u00fcr Deutschland geltende Datenschutzrecht. Sie k\u00f6nnen\n diese Erkl\u00e4rung jederzeit auf unserer Webseite abrufen.<\/p>\n\n\n\n<p>Wir weisen ausdr\u00fccklich darauf hin, dass die Daten\u00fcbertragung im \nInternet (z.B. bei der Kommunikation per E-Mail) Sicherheitsl\u00fccken \naufweisen und nicht l\u00fcckenlos vor dem Zugriff durch Dritte gesch\u00fctzt \nwerden kann.<\/p>\n\n\n\n<p>Die Verwendung der Kontaktdaten unseres Impressums zur gewerblichen \nWerbung ist ausdr\u00fccklich nicht erw\u00fcnscht, es sei denn wir hatten zuvor \nunsere schriftliche Einwilligung erteilt oder es besteht bereits eine \nGesch\u00e4ftsbeziehung. Der Anbieter und alle auf dieser Website genannten \nPersonen widersprechen hiermit jeder kommerziellen Verwendung und \nWeitergabe ihrer Daten.<\/p>\n","protected":false},"excerpt":{"rendered":"<div class=\"slide-text-bg2\t\"><span>Datenschutz Nachfolgend m\u00f6chten wir Sie \u00fcber unsere Datenschutzerkl\u00e4rung informieren. Sie finden hier Informationen \u00fcber die Erhebung und Verwendung pers\u00f6nlicher Daten bei der Nutzung unserer Webseite.<\/span><\/div>\n<div class=\"slide-btn-area-sm\"><a href=\"https:\/\/der-recycler.de\/?page_id=124\" class=\"slide-btn-sm\">Read More<\/a><\/div>\n","protected":false},"author":1,"featured_media":0,"parent":0,"menu_order":0,"comment_status":"closed","ping_status":"closed","template":"","meta":{"footnotes":""},"_links":{"self":[{"href":"https:\/\/der-recycler.de\/index.php?rest_route=\/wp\/v2\/pages\/124"}],"collection":[{"href":"https:\/\/der-recycler.de\/index.php?rest_route=\/wp\/v2\/pages"}],"about":[{"href":"https:\/\/der-recycler.de\/index.php?rest_route=\/wp\/v2\/types\/page"}],"author":[{"embeddable":true,"href":"https:\/\/der-recycler.de\/index.php?rest_route=\/wp\/v2\/users\/1"}],"replies":[{"embeddable":true,"href":"https:\/\/der-recycler.de\/index.php?rest_route=%2Fwp%2Fv2%2Fcomments&post=124"}],"version-history":[{"count":1,"href":"https:\/\/der-recycler.de\/index.php?rest_route=\/wp\/v2\/pages\/124\/revisions"}],"predecessor-version":[{"id":125,"href":"https:\/\/der-recycler.de\/index.php?rest_route=\/wp\/v2\/pages\/124\/revisions\/125"}],"wp:attachment":[{"href":"https:\/\/der-recycler.de\/index.php?rest_route=%2Fwp%2Fv2%2Fmedia&parent=124"}],"curies":[{"name":"wp","href":"https:\/\/api.w.org\/{rel}","templated":true}]}}